{"id":66,"date":"2015-05-21T19:22:44","date_gmt":"2015-05-21T19:22:44","guid":{"rendered":"http:\/\/incluzivreghin.ro\/?page_id=66"},"modified":"2015-05-21T19:22:44","modified_gmt":"2015-05-21T19:22:44","slug":"educarea-psihomotricitatii","status":"publish","type":"page","link":"https:\/\/incluzivreghin.ro\/?page_id=66","title":{"rendered":"Educarea psihomotricit\u0103\u0163ii"},"content":{"rendered":"<ol>\n<li>evaluarea\u00a0motricit\u0103\u0163ii\u00a0generale;<\/li>\n<li>evaluarea\u00a0modului\u00a0de\u00a0organizare\u00a0a\u00a0mi\u015fc\u0103rilor\u00a0\u00een\u00a0ac\u0163iuni\u00a0eficiente;\u00a0formarea\u00a0deprinderilor\u00a0de\u00a0lucru;<\/li>\n<li>identificarea\u00a0unor\u00a0tulbur\u0103ri\u00a0ale\u00a0schemei\u00a0corporale;\u00a0educarea\u00a0schemei\u00a0corporale;<\/li>\n<li>evaluarea\u00a0lateralit\u0103\u0163ii\u00a0(\u00a0consolidarea\u00a0lateralit\u0103\u0163ii);<\/li>\n<li>evaluarea\u00a0structurii\u00a0perceptiv-motrice\u00a0de\u00a0culoare;<\/li>\n<li>evaluarea\u00a0structurii\u00a0perceptiv-motrice\u00a0de\u00a0form\u0103;<\/li>\n<li>evaluarea\u00a0structurii\u00a0perceptiv-motrice\u00a0de\u00a0spa\u0163iu;<\/li>\n<li>evaluarea\u00a0structurii\u00a0psiho-motrice\u00a0de\u00a0spa\u0163<\/li>\n<li>activit\u0103\u0163i\u00a0terapeutico-recuperatorii\u00a0pentru\u00a0pre\u015fcolari\u00a0\u015fi\u00a0\u015fcolari\u00a0hipoacuzici\u00a0integra\u0163i\u00a0\u00een\u00a0\u00eenv\u0103\u0163\u0103m\u00e2ntul\u00a0de\u00a0mas\u0103;<\/li>\n<li>acordare\u00a0de\u00a0asisten\u0163\u0103\u00a0educa\u0163ional\u0103\u00a0copiilor\u00a0nedeplasabili,\u00a0prin\u00a0asigurarea\u00a0diferitelor\u00a0forme\u00a0de\u00a0\u015fcolarizare:\u00a0la\u00a0domiciliu,\u00a0cu\u00a0frecven\u0163\u0103\u00a0redus\u0103,\u00a0cu\u00a0scutire\u00a0de\u00a0frecven\u0163\u0103,\u00a0comasat;<\/li>\n<li>acordare\u00a0de\u00a0asisten\u0163\u0103\u00a0psihopedagogic\u0103\u00a0pentru\u00a0copiii\u00a0cu\u00a0deficien\u0163\u0103\u00a0mintal\u0103\u00a0sever\u0103:<\/li>\n<li>aprecieri\u00a0asupra\u00a0comportamentului\u00a0viitor;<\/li>\n<li>recomand\u0103ri\u00a0cu\u00a0privire\u00a0la\u00a0atitudinea\u00a0celor\u00a0din\u00a0jur\u00a0fa\u0163\u0103\u00a0de\u00a0subiect;<\/li>\n<li>recomand\u0103ri\u00a0cu\u00a0privire\u00a0la\u00a0terapia\u00a0medical\u0103\u00a0\u015fi\u00a0psihologic\u0103;<\/li>\n<li>aprecieri\u00a0cu\u00a0privire\u00a0la\u00a0integrarea\u00a0\u00een\u00a0familie,\u00a0profesie\u00a0\u015fi\u00a0societate,\u00a0limitele\u00a0\u015fi\u00a0perspectivele\u00a0\u00een\u00a0recuperarea\u00a0acestor\u00a0copii;<\/li>\n<li>recuperarea\u00a0prin\u00a0terapie\u00a0ocupa\u0163ional\u0103;<\/li>\n<li>\u00eembun\u0103t\u0103\u0163irea\u00a0rela\u0163iilor\u00a0cu\u00a0cei\u00a0din\u00a0jur.<\/li>\n<\/ol>\n","protected":false},"excerpt":{"rendered":"<p>evaluarea\u00a0motricit\u0103\u0163ii\u00a0generale; evaluarea\u00a0modului\u00a0de\u00a0organizare\u00a0a\u00a0mi\u015fc\u0103rilor\u00a0\u00een\u00a0ac\u0163iuni\u00a0eficiente;\u00a0formarea\u00a0deprinderilor\u00a0de\u00a0lucru; identificarea\u00a0unor\u00a0tulbur\u0103ri\u00a0ale\u00a0schemei\u00a0corporale;\u00a0educarea\u00a0schemei\u00a0corporale; evaluarea\u00a0lateralit\u0103\u0163ii\u00a0(\u00a0consolidarea\u00a0lateralit\u0103\u0163ii); evaluarea\u00a0structurii\u00a0perceptiv-motrice\u00a0de\u00a0culoare; evaluarea\u00a0structurii\u00a0perceptiv-motrice\u00a0de\u00a0form\u0103; evaluarea\u00a0structurii\u00a0perceptiv-motrice\u00a0de\u00a0spa\u0163iu; evaluarea\u00a0structurii\u00a0psiho-motrice\u00a0de\u00a0spa\u0163 activit\u0103\u0163i\u00a0terapeutico-recuperatorii\u00a0pentru\u00a0pre\u015fcolari\u00a0\u015fi\u00a0\u015fcolari\u00a0hipoacuzici\u00a0integra\u0163i\u00a0\u00een\u00a0\u00eenv\u0103\u0163\u0103m\u00e2ntul\u00a0de\u00a0mas\u0103; acordare\u00a0de\u00a0asisten\u0163\u0103\u00a0educa\u0163ional\u0103\u00a0copiilor\u00a0nedeplasabili,\u00a0prin\u00a0asigurarea\u00a0diferitelor\u00a0forme\u00a0de\u00a0\u015fcolarizare:\u00a0la\u00a0domiciliu,\u00a0cu\u00a0frecven\u0163\u0103\u00a0redus\u0103,\u00a0cu\u00a0scutire\u00a0de\u00a0frecven\u0163\u0103,\u00a0comasat; acordare\u00a0de\u00a0asisten\u0163\u0103\u00a0psihopedagogic\u0103\u00a0pentru\u00a0copiii\u00a0cu\u00a0deficien\u0163\u0103\u00a0mintal\u0103\u00a0sever\u0103: aprecieri\u00a0asupra\u00a0comportamentului\u00a0viitor; recomand\u0103ri\u00a0cu\u00a0privire\u00a0la\u00a0atitudinea\u00a0celor\u00a0din\u00a0jur\u00a0fa\u0163\u0103\u00a0de\u00a0subiect; recomand\u0103ri\u00a0cu\u00a0privire\u00a0la\u00a0terapia\u00a0medical\u0103\u00a0\u015fi\u00a0psihologic\u0103; aprecieri\u00a0cu\u00a0privire\u00a0la\u00a0integrarea\u00a0\u00een\u00a0familie,\u00a0profesie\u00a0\u015fi\u00a0societate,\u00a0limitele\u00a0\u015fi\u00a0perspectivele\u00a0\u00een\u00a0recuperarea\u00a0acestor\u00a0copii; recuperarea\u00a0prin\u00a0terapie\u00a0ocupa\u0163ional\u0103; \u00eembun\u0103t\u0103\u0163irea\u00a0rela\u0163iilor\u00a0cu\u00a0cei\u00a0din\u00a0jur.<\/p>\n","protected":false},"author":1,"featured_media":0,"parent":0,"menu_order":0,"comment_status":"closed","ping_status":"closed","template":"","meta":{"footnotes":""},"class_list":["post-66","page","type-page","status-publish","hentry"],"_links":{"self":[{"href":"https:\/\/incluzivreghin.ro\/index.php?rest_route=\/wp\/v2\/pages\/66","targetHints":{"allow":["GET"]}}],"collection":[{"href":"https:\/\/incluzivreghin.ro\/index.php?rest_route=\/wp\/v2\/pages"}],"about":[{"href":"https:\/\/incluzivreghin.ro\/index.php?rest_route=\/wp\/v2\/types\/page"}],"author":[{"embeddable":true,"href":"https:\/\/incluzivreghin.ro\/index.php?rest_route=\/wp\/v2\/users\/1"}],"replies":[{"embeddable":true,"href":"https:\/\/incluzivreghin.ro\/index.php?rest_route=%2Fwp%2Fv2%2Fcomments&post=66"}],"version-history":[{"count":0,"href":"https:\/\/incluzivreghin.ro\/index.php?rest_route=\/wp\/v2\/pages\/66\/revisions"}],"wp:attachment":[{"href":"https:\/\/incluzivreghin.ro\/index.php?rest_route=%2Fwp%2Fv2%2Fmedia&parent=66"}],"curies":[{"name":"wp","href":"https:\/\/api.w.org\/{rel}","templated":true}]}}