{"id":64,"date":"2015-05-21T19:21:53","date_gmt":"2015-05-21T19:21:53","guid":{"rendered":"http:\/\/incluzivreghin.ro\/?page_id=64"},"modified":"2015-05-21T19:21:53","modified_gmt":"2015-05-21T19:21:53","slug":"terapie-de-expresie-grafica-si-plastica","status":"publish","type":"page","link":"https:\/\/incluzivreghin.ro\/?page_id=64","title":{"rendered":"Terapie de expresie grafic\u0103 \u015fi plastic\u0103"},"content":{"rendered":"","protected":false},"excerpt":{"rendered":"","protected":false},"author":1,"featured_media":0,"parent":0,"menu_order":0,"comment_status":"closed","ping_status":"closed","template":"","meta":{"footnotes":""},"class_list":["post-64","page","type-page","status-publish","hentry"],"_links":{"self":[{"href":"https:\/\/incluzivreghin.ro\/index.php?rest_route=\/wp\/v2\/pages\/64","targetHints":{"allow":["GET"]}}],"collection":[{"href":"https:\/\/incluzivreghin.ro\/index.php?rest_route=\/wp\/v2\/pages"}],"about":[{"href":"https:\/\/incluzivreghin.ro\/index.php?rest_route=\/wp\/v2\/types\/page"}],"author":[{"embeddable":true,"href":"https:\/\/incluzivreghin.ro\/index.php?rest_route=\/wp\/v2\/users\/1"}],"replies":[{"embeddable":true,"href":"https:\/\/incluzivreghin.ro\/index.php?rest_route=%2Fwp%2Fv2%2Fcomments&post=64"}],"version-history":[{"count":0,"href":"https:\/\/incluzivreghin.ro\/index.php?rest_route=\/wp\/v2\/pages\/64\/revisions"}],"wp:attachment":[{"href":"https:\/\/incluzivreghin.ro\/index.php?rest_route=%2Fwp%2Fv2%2Fmedia&parent=64"}],"curies":[{"name":"wp","href":"https:\/\/api.w.org\/{rel}","templated":true}]}}